{"id":1833,"date":"2022-09-09T11:14:19","date_gmt":"2022-09-09T11:14:19","guid":{"rendered":"https:\/\/altresveus.cat\/politica-privacidad\/"},"modified":"2022-10-31T15:14:05","modified_gmt":"2022-10-31T13:14:05","slug":"politica-privacidad","status":"publish","type":"page","link":"https:\/\/altresveus.cat\/es\/politica-privacidad\/","title":{"rendered":"Pol\u00edtica de privacidad"},"content":{"rendered":"\t\t<div data-elementor-type=\"wp-page\" data-elementor-id=\"1833\" class=\"elementor elementor-1833\">\n\t\t\t\t\t\t\t\t\t<section class=\"elementor-section elementor-top-section elementor-element elementor-element-afb80d5 elementor-section-boxed elementor-section-height-default elementor-section-height-default\" data-id=\"afb80d5\" data-element_type=\"section\">\n\t\t\t\t\t\t<div class=\"elementor-container elementor-column-gap-default\">\n\t\t\t\t\t<div class=\"elementor-column elementor-col-100 elementor-top-column elementor-element elementor-element-182c2768\" data-id=\"182c2768\" data-element_type=\"column\">\n\t\t\t<div class=\"elementor-widget-wrap elementor-element-populated\">\n\t\t\t\t\t\t\t\t<div class=\"elementor-element elementor-element-42f63986 elementor-widget elementor-widget-text-editor\" data-id=\"42f63986\" data-element_type=\"widget\" data-widget_type=\"text-editor.default\">\n\t\t\t\t<div class=\"elementor-widget-container\">\n\t\t\t<style>\/*! elementor - v3.8.0 - 30-10-2022 *\/\n.elementor-widget-text-editor.elementor-drop-cap-view-stacked .elementor-drop-cap{background-color:#818a91;color:#fff}.elementor-widget-text-editor.elementor-drop-cap-view-framed .elementor-drop-cap{color:#818a91;border:3px solid;background-color:transparent}.elementor-widget-text-editor:not(.elementor-drop-cap-view-default) .elementor-drop-cap{margin-top:8px}.elementor-widget-text-editor:not(.elementor-drop-cap-view-default) .elementor-drop-cap-letter{width:1em;height:1em}.elementor-widget-text-editor .elementor-drop-cap{float:left;text-align:center;line-height:1;font-size:50px}.elementor-widget-text-editor .elementor-drop-cap-letter{display:inline-block}<\/style>\t\t\t\t<h1>Protecci\u00f3n de datos<\/h1><p><strong>Protecci\u00f3n de datos personales<\/strong><\/p><p>El Gobierno de las Islas Baleares garantiza la confidencialidad y la protecci\u00f3n de los datos personales que se facilitan a trav\u00e9s de las p\u00e1ginas de este web en el t\u00e9rminos que establece el Reglamento UE 2016\/679 de Protecci\u00f3n de Datos y la legislaci\u00f3n vigente en materia de protecci\u00f3n de datos.<\/p><p>Informaci\u00f3n especifica en relaci\u00f3n al tratamiento de datos personales<\/p><p>Los datos personales facilitados por los ciudadanos mediante los diferentes formularios o suele\u2022licitudes de este web ser\u00e1n tratadas en los t\u00e9rminos que disponga la \u201cInformaci\u00f3n sobre el tratamiento de datos personales\u201d que figuran al formulario y solicitud, donde tambi\u00e9n se identificar\u00e1 al responsable del tratamiento.<\/p><p>Ejercicio de derechos y reclamaciones<\/p><p>La persona afectada por el tratamiento de datos personales puede ejercer sus derechos de informaci\u00f3n, de acceso, de rectificaci\u00f3n, de supresi\u00f3n, de limitaci\u00f3n, de portabilidad, de oposici\u00f3n y de no inclusi\u00f3n en tratamientos automatizados (y, incluso, de retirar el consentimiento, si es el caso, en los t\u00e9rminos que establece el RGPD) ante el responsable del tratamiento, mediante el procedimiento \u00abSolicitud de ejercicio de derechos en materia de protecci\u00f3n de datos personales\u00bb, previsto en la sede electr\u00f3nica de la CAIB (<a href=\"https:\/\/www.caib.es\/seucaib\/ca\/200\/persones\/tramites\/tramite\/3364939\" target=\"_blank\" rel=\"noopener\">sede electr\u00f3nica<\/a>).<\/p><p>Con posterioridad a la respuesta del responsable o al hecho que no haya respondida en el plazo de un mes, puede presentar la \u00abReclamaci\u00f3n de tutela de derechos\u00bb ante la Agencia Espa\u00f1ola de Protecci\u00f3n de Datos (AEPD).<\/p><p>Delegaci\u00f3n de Protecci\u00f3n de Datos<\/p><p>La Delegaci\u00f3n de Protecci\u00f3n de Datos de la Administraci\u00f3n de la CAIB tiene la sede a la Conseller\u00eda de Presidencia (Paseo de Sagrera, 2, 07012 Palma).<\/p><p>Direcci\u00f3n electr\u00f3nica de contacto:\u00a0<a href=\"mailto:protecciodades@dpd.caib.es\">protecciodades@dpd.caib.es<\/a><\/p>\t\t\t\t\t\t<\/div>\n\t\t\t\t<\/div>\n\t\t\t\t\t<\/div>\n\t\t<\/div>\n\t\t\t\t\t\t\t<\/div>\n\t\t<\/section>\n\t\t\t\t\t\t\t<\/div>\n\t\t","protected":false},"excerpt":{"rendered":"<p>Protecci\u00f3n de datos Protecci\u00f3n de datos personales El Gobierno de las Islas Baleares garantiza la confidencialidad y la protecci\u00f3n de los datos personales que se facilitan a trav\u00e9s de las p\u00e1ginas de este web en el t\u00e9rminos que establece el Reglamento UE 2016\/679 de Protecci\u00f3n de Datos y la legislaci\u00f3n vigente en materia de protecci\u00f3n [&hellip;]<\/p>\n","protected":false},"author":1,"featured_media":0,"parent":0,"menu_order":0,"comment_status":"closed","ping_status":"open","template":"elementor_header_footer","meta":{"inline_featured_image":false,"footnotes":""},"class_list":["post-1833","page","type-page","status-publish","hentry"],"_links":{"self":[{"href":"https:\/\/altresveus.cat\/es\/wp-json\/wp\/v2\/pages\/1833","targetHints":{"allow":["GET"]}}],"collection":[{"href":"https:\/\/altresveus.cat\/es\/wp-json\/wp\/v2\/pages"}],"about":[{"href":"https:\/\/altresveus.cat\/es\/wp-json\/wp\/v2\/types\/page"}],"author":[{"embeddable":true,"href":"https:\/\/altresveus.cat\/es\/wp-json\/wp\/v2\/users\/1"}],"replies":[{"embeddable":true,"href":"https:\/\/altresveus.cat\/es\/wp-json\/wp\/v2\/comments?post=1833"}],"version-history":[{"count":3,"href":"https:\/\/altresveus.cat\/es\/wp-json\/wp\/v2\/pages\/1833\/revisions"}],"predecessor-version":[{"id":1836,"href":"https:\/\/altresveus.cat\/es\/wp-json\/wp\/v2\/pages\/1833\/revisions\/1836"}],"wp:attachment":[{"href":"https:\/\/altresveus.cat\/es\/wp-json\/wp\/v2\/media?parent=1833"}],"curies":[{"name":"wp","href":"https:\/\/api.w.org\/{rel}","templated":true}]}}