{"id":2268,"date":"2022-11-23T12:08:34","date_gmt":"2022-11-23T10:08:34","guid":{"rendered":"https:\/\/altresveus.cat\/nota-de-prensa\/"},"modified":"2022-11-23T12:08:34","modified_gmt":"2022-11-23T10:08:34","slug":"nota-de-prensa","status":"publish","type":"page","link":"https:\/\/altresveus.cat\/es\/home\/nota-de-prensa\/","title":{"rendered":"Nota de prensa"},"content":{"rendered":"\t\t<div data-elementor-type=\"wp-page\" data-elementor-id=\"2268\" class=\"elementor elementor-2268\">\n\t\t\t\t\t\t\t\t\t<section class=\"elementor-section elementor-top-section elementor-element elementor-element-3283ad6d elementor-section-full_width intro-section elementor-section-height-default elementor-section-height-default\" data-id=\"3283ad6d\" data-element_type=\"section\" data-settings=\"{&quot;background_background&quot;:&quot;classic&quot;}\">\n\t\t\t\t\t\t\t<div class=\"elementor-background-overlay\"><\/div>\n\t\t\t\t\t\t\t<div class=\"elementor-container elementor-column-gap-no\">\n\t\t\t\t\t<div class=\"elementor-column elementor-col-100 elementor-top-column elementor-element elementor-element-52a24cbd columna-intro\" data-id=\"52a24cbd\" data-element_type=\"column\">\n\t\t\t<div class=\"elementor-widget-wrap elementor-element-populated\">\n\t\t\t\t\t\t\t\t<div class=\"elementor-element elementor-element-b332cc2 elementor-widget elementor-widget-spacer\" data-id=\"b332cc2\" data-element_type=\"widget\" data-widget_type=\"spacer.default\">\n\t\t\t\t<div class=\"elementor-widget-container\">\n\t\t\t<style>\/*! elementor - v3.8.0 - 30-10-2022 *\/\n.elementor-column .elementor-spacer-inner{height:var(--spacer-size)}.e-con{--container-widget-width:100%}.e-con-inner>.elementor-widget-spacer,.e-con>.elementor-widget-spacer{width:var(--container-widget-width,var(--spacer-size));-ms-flex-item-align:stretch;align-self:stretch;-ms-flex-negative:0;flex-shrink:0}.e-con-inner>.elementor-widget-spacer>.elementor-widget-container,.e-con-inner>.elementor-widget-spacer>.elementor-widget-container>.elementor-spacer,.e-con>.elementor-widget-spacer>.elementor-widget-container,.e-con>.elementor-widget-spacer>.elementor-widget-container>.elementor-spacer{height:100%}.e-con-inner>.elementor-widget-spacer>.elementor-widget-container>.elementor-spacer>.elementor-spacer-inner,.e-con>.elementor-widget-spacer>.elementor-widget-container>.elementor-spacer>.elementor-spacer-inner{height:var(--container-widget-height,var(--spacer-size))}<\/style>\t\t<div class=\"elementor-spacer\">\n\t\t\t<div class=\"elementor-spacer-inner\"><\/div>\n\t\t<\/div>\n\t\t\t\t<\/div>\n\t\t\t\t<\/div>\n\t\t\t\t<div class=\"elementor-element elementor-element-b70de60 elementor-widget elementor-widget-heading\" data-id=\"b70de60\" data-element_type=\"widget\" data-widget_type=\"heading.default\">\n\t\t\t\t<div class=\"elementor-widget-container\">\n\t\t\t<style>\/*! elementor - v3.8.0 - 30-10-2022 *\/\n.elementor-heading-title{padding:0;margin:0;line-height:1}.elementor-widget-heading .elementor-heading-title[class*=elementor-size-]>a{color:inherit;font-size:inherit;line-height:inherit}.elementor-widget-heading .elementor-heading-title.elementor-size-small{font-size:15px}.elementor-widget-heading .elementor-heading-title.elementor-size-medium{font-size:19px}.elementor-widget-heading .elementor-heading-title.elementor-size-large{font-size:29px}.elementor-widget-heading .elementor-heading-title.elementor-size-xl{font-size:39px}.elementor-widget-heading .elementor-heading-title.elementor-size-xxl{font-size:59px}<\/style><div class=\"elementor-heading-title elementor-size-default\">NOTA DE PRENSA - ALTRES VEUS - edici\u00f3 2022 <\/div>\t\t<\/div>\n\t\t\t\t<\/div>\n\t\t\t\t<div class=\"elementor-element elementor-element-eaada93 elementor-widget-divider--view-line elementor-widget elementor-widget-divider\" data-id=\"eaada93\" data-element_type=\"widget\" data-widget_type=\"divider.default\">\n\t\t\t\t<div class=\"elementor-widget-container\">\n\t\t\t<style>\/*! elementor - v3.8.0 - 30-10-2022 *\/\n.elementor-widget-divider{--divider-border-style:none;--divider-border-width:1px;--divider-color:#2c2c2c;--divider-icon-size:20px;--divider-element-spacing:10px;--divider-pattern-height:24px;--divider-pattern-size:20px;--divider-pattern-url:none;--divider-pattern-repeat:repeat-x}.elementor-widget-divider .elementor-divider{display:-webkit-box;display:-ms-flexbox;display:flex}.elementor-widget-divider .elementor-divider__text{font-size:15px;line-height:1;max-width:95%}.elementor-widget-divider .elementor-divider__element{margin:0 var(--divider-element-spacing);-ms-flex-negative:0;flex-shrink:0}.elementor-widget-divider .elementor-icon{font-size:var(--divider-icon-size)}.elementor-widget-divider .elementor-divider-separator{display:-webkit-box;display:-ms-flexbox;display:flex;margin:0;direction:ltr}.elementor-widget-divider--view-line_icon .elementor-divider-separator,.elementor-widget-divider--view-line_text .elementor-divider-separator{-webkit-box-align:center;-ms-flex-align:center;align-items:center}.elementor-widget-divider--view-line_icon .elementor-divider-separator:after,.elementor-widget-divider--view-line_icon .elementor-divider-separator:before,.elementor-widget-divider--view-line_text .elementor-divider-separator:after,.elementor-widget-divider--view-line_text .elementor-divider-separator:before{display:block;content:\"\";border-bottom:0;-webkit-box-flex:1;-ms-flex-positive:1;flex-grow:1;border-top:var(--divider-border-width) var(--divider-border-style) var(--divider-color)}.elementor-widget-divider--element-align-left .elementor-divider .elementor-divider-separator>.elementor-divider__svg:first-of-type{-webkit-box-flex:0;-ms-flex-positive:0;flex-grow:0;-ms-flex-negative:100;flex-shrink:100}.elementor-widget-divider--element-align-left .elementor-divider-separator:before{content:none}.elementor-widget-divider--element-align-left .elementor-divider__element{margin-left:0}.elementor-widget-divider--element-align-right .elementor-divider .elementor-divider-separator>.elementor-divider__svg:last-of-type{-webkit-box-flex:0;-ms-flex-positive:0;flex-grow:0;-ms-flex-negative:100;flex-shrink:100}.elementor-widget-divider--element-align-right .elementor-divider-separator:after{content:none}.elementor-widget-divider--element-align-right .elementor-divider__element{margin-right:0}.elementor-widget-divider:not(.elementor-widget-divider--view-line_text):not(.elementor-widget-divider--view-line_icon) .elementor-divider-separator{border-top:var(--divider-border-width) var(--divider-border-style) var(--divider-color)}.elementor-widget-divider--separator-type-pattern{--divider-border-style:none}.elementor-widget-divider--separator-type-pattern.elementor-widget-divider--view-line .elementor-divider-separator,.elementor-widget-divider--separator-type-pattern:not(.elementor-widget-divider--view-line) .elementor-divider-separator:after,.elementor-widget-divider--separator-type-pattern:not(.elementor-widget-divider--view-line) .elementor-divider-separator:before,.elementor-widget-divider--separator-type-pattern:not([class*=elementor-widget-divider--view]) .elementor-divider-separator{width:100%;min-height:var(--divider-pattern-height);-webkit-mask-size:var(--divider-pattern-size) 100%;mask-size:var(--divider-pattern-size) 100%;-webkit-mask-repeat:var(--divider-pattern-repeat);mask-repeat:var(--divider-pattern-repeat);background-color:var(--divider-color);-webkit-mask-image:var(--divider-pattern-url);mask-image:var(--divider-pattern-url)}.elementor-widget-divider--no-spacing{--divider-pattern-size:auto}.elementor-widget-divider--bg-round{--divider-pattern-repeat:round}.rtl .elementor-widget-divider .elementor-divider__text{direction:rtl}.e-con-inner>.elementor-widget-divider,.e-con>.elementor-widget-divider{width:var(--container-widget-width,100%)}<\/style>\t\t<div class=\"elementor-divider\">\n\t\t\t<span class=\"elementor-divider-separator\">\n\t\t\t\t\t\t<\/span>\n\t\t<\/div>\n\t\t\t\t<\/div>\n\t\t\t\t<\/div>\n\t\t\t\t<div class=\"elementor-element elementor-element-3b8b659 elementor-widget elementor-widget-text-editor\" data-id=\"3b8b659\" data-element_type=\"widget\" data-widget_type=\"text-editor.default\">\n\t\t\t\t<div class=\"elementor-widget-container\">\n\t\t\t<style>\/*! elementor - v3.8.0 - 30-10-2022 *\/\n.elementor-widget-text-editor.elementor-drop-cap-view-stacked .elementor-drop-cap{background-color:#818a91;color:#fff}.elementor-widget-text-editor.elementor-drop-cap-view-framed .elementor-drop-cap{color:#818a91;border:3px solid;background-color:transparent}.elementor-widget-text-editor:not(.elementor-drop-cap-view-default) .elementor-drop-cap{margin-top:8px}.elementor-widget-text-editor:not(.elementor-drop-cap-view-default) .elementor-drop-cap-letter{width:1em;height:1em}.elementor-widget-text-editor .elementor-drop-cap{float:left;text-align:center;line-height:1;font-size:50px}.elementor-widget-text-editor .elementor-drop-cap-letter{display:inline-block}<\/style>\t\t\t\t<p><strong>M\u00e9s de 200 persones assisteixen al cicle \u00abAltres Veus\u00bb, que exhaureix totes les entrades\u00a0<\/strong><\/p><p><strong>REFERENTS MUNDIALS EN COOPERACI\u00d3 FEMINISTA ES REUNEIXEN A PALMA PER DEBATRE COM ACONSEGUIR UN M\u00d3N M\u00c9S JUST, RESPECTU\u00d3S AMB LA NATURA I HABITABLE PER A TOTHOM<\/strong><\/p><p><em>Amparanoia\u00a0<\/em>celebra el seu 25\u00e8 aniversari tancant la jornada amb un gran concert.<\/p><p>El Museu Es Baluard va acollir ahir, dissabte, una nova edici\u00f3 del cicle \u00abAltres Veus\u00bb. Sota el lema \u00abUtopies feministes per a canviar el m\u00f3n\u00bb, Lolita Ch\u00e1vez, Basha Changuerra, Carme Clavel Arcas, Pastora Filigrana, Rafaela Pimentel i Yayo Herrero, la comiss\u00e0ria del cicle, varen reflexionar de forma col\u00b7lectiva sobre la cooperaci\u00f3 feminista com a concepte revolucionari i transformador. La jornada va gaudir d&#8217;un gran \u00e8xit de convocat\u00f2ria i va exhaurir totes les entrades.<\/p><p>La consellera d&#8217;Afers Socials i Esports, Fina Santiago, va inaugurar el cicle, organitzat per la direcci\u00f3 general de Cooperaci\u00f3. I la professora i antrop\u00f2loga Yayo Herrero va ser l&#8217;encarregada de la confer\u00e8ncia inaugural titulada \u00abCooperar en el temps de con\ufb02icte \u00a0capital-vida\u00bb.<\/p><p>\u00abEl model capitalista digereix r\u00e0pidament els cicles naturals generant residus, contaminaci\u00f3 i malalties que impregnen tota la societat. Tenim un model de societat malalt i violent que ens obliga urgentment a repensar models alternatius\u00bb, va manifestar Herrero, que va precisar que \u00abvivim en guerra contra la vida, en una din\u00e0mica destructiva que genera viol\u00e8ncia. Vivim com si la nostra esp\u00e8cie estigu\u00e9s per damunt de la terra i veiem la vida com un gran magatzem de recursos a disposici\u00f3 dels poderosos\u00bb.<\/p><p>Durant la confer\u00e8ncia inaugural Herrero va manifestar que \u00abhem d&#8217;assumir que els \u00e9ssers humans haurem de viure amb manco energies i recursos de la terra perqu\u00e8 l&#8217;hem saquejat. Ens trobem davant d&#8217;una situaci\u00f3 d&#8217;emerg\u00e8ncia planet\u00e0ria que amena\u00e7a la superviv\u00e8ncia en condicions dignes d&#8217;una part molt important dels humans i de la resta d&#8217;\u00e9ssers vius. La devastaci\u00f3 que provoca el capitalisme reclama una nova manera de mirar el m\u00f3n\u00bb.<\/p><p>\u00abNo s\u00f3n temps per estar totes soles\u00bb, va concloure Herrero, \u00abs\u00f3n temps en qu\u00e8 la clau \u00e9s estar amb altres i de poder experimentar la rebel\u00b7lia i la resist\u00e8ncia. S\u00f3n temps de generar utopia, de cercar maneres de dur a terme aquesta transformaci\u00f3 del m\u00f3n amb rebel\u00b7lia, imaginaci\u00f3, creativitat i alegria\u00bb.<\/p><p>\u00abHem d&#8217;escoltar les veus de la rebel\u00b7lia que no es resignen a que la vida sigui sacrificada\u00bb, va dir Herrero per donar pas al seg\u00fcent col\u00b7loqui protagonitzat de Basha Changuerra, militant antiracista i activista afrofeminista i Lolita Ch\u00e1vez, guaridora ancestral, defensora del territori i feminista<br \/>comunit\u00e0ria d&#8217;Abya Yala. Amb elles es va donar veu a comunitats de dones que viuen a pobles sotmesos per\u00f2 que no s\u00f3n v\u00edctimes. A dones que han sabut resistir i mantenir l&#8217;orgull de pertinen\u00e7a. \u00abLa humanitat no est\u00e0 fent cas dels crits d&#8217;auxili de la mare terra\u00bb, va dir Ch\u00e1vez durant el seu discurs.<\/p><p>La performance \u00abPASSAGES\u00bb de l&#8217;artista de circ Alice Rende va posar punt final als actes del mat\u00ed, amb un espectacular espectacle en qu\u00e8 l&#8217;artista va posar de manifest com explora els seus l\u00edmits dins un cilindre.<\/p><p>Ja al capvespre es varen celebrar el col\u00b7loquis \u00abRebel\u00b7lies feministes: m\u00e9s enll\u00e0 del desenvolupament\u00bb, amb les confer\u00e8ncies \u00abCap a una cooperaci\u00f3 feminista, transformadora i cr\u00edtica\u00bb, de Carme Clavel, \u00a0que va manifestar que \u00abo canviem les maneres de fer o ens anem en orris\u00bb; i \u00abEl bon viure: la utopia dels feminismes comunitaris\u00bb, de Lolita Ch\u00e1vez.<\/p><p>El darrer col\u00b7loqui va ser \u00abResist\u00e8ncies feministes: repensar el m\u00f3n des dels marges\u00bb que va incloure les confer\u00e8ncies: \u00abContra el sistema m\u00f3n: claus de la resist\u00e8ncia feminista gitana\u00bb, de Pastora Filigrana, advocada experta en dret d&#8217;Estrangeria i activista per la Defensa dels Drets Humans en diferents moviments socials; i \u00abLa cura digna de la vida: resist\u00e8ncies i utopies de les treballadores dom\u00e8stiques\u00bb, de Rafaela Pimentel, empleada de la llar que es dedica des de fa gaireb\u00e9 30 anys a millorar les condicions de les persones que es dediquen al treball dom\u00e8stic.\u00a0 \u00abSense les dones no es mou el m\u00f3n\u00bb, va concloure Pimentel en el seu discurs provocant un gran aplaudiment del p\u00fablic.<\/p><p>Les entitats Mercat Social de les Illes Balears, CNAAE Mallorca, Coordinadora d&#8217;ONGD de les Illes Balears, La Ut\u00f2pica i Kellys Uni\u00f3n Balear varen participar activament a la Fila 0 de la jornada.\u00a0<\/p><p>La jornada va finalitzar al ritme del grup\u00a0<em>Amparanoia<\/em>, que va aprofitar el concert per celebrar els seu 25\u00e9 aniversari, amb un ple absolut.<\/p>\t\t\t\t\t\t<\/div>\n\t\t\t\t<\/div>\n\t\t\t\t<div class=\"elementor-element elementor-element-23264bc elementor-widget__width-auto elementor-absolute elementor-hidden-tablet elementor-hidden-mobile elementor-widget elementor-widget-image\" data-id=\"23264bc\" data-element_type=\"widget\" id=\"flor-abajo-izq\" data-settings=\"{&quot;_position&quot;:&quot;absolute&quot;}\" data-widget_type=\"image.default\">\n\t\t\t\t<div class=\"elementor-widget-container\">\n\t\t\t<style>\/*! elementor - v3.8.0 - 30-10-2022 *\/\n.elementor-widget-image{text-align:center}.elementor-widget-image a{display:inline-block}.elementor-widget-image a img[src$=\".svg\"]{width:48px}.elementor-widget-image img{vertical-align:middle;display:inline-block}<\/style>\t\t\t\t\t\t\t\t\t\t\t\t<img loading=\"lazy\" decoding=\"async\" width=\"287\" height=\"241\" src=\"https:\/\/altresveus.cat\/wp-content\/uploads\/2022\/09\/flor-abako-izq.png\" class=\"attachment-large size-large\" alt=\"\" \/>\t\t\t\t\t\t\t\t\t\t\t\t\t\t\t<\/div>\n\t\t\t\t<\/div>\n\t\t\t\t<div class=\"elementor-element elementor-element-9597f93 elementor-widget__width-auto elementor-absolute e-transform elementor-hidden-tablet elementor-hidden-mobile elementor-widget elementor-widget-image\" data-id=\"9597f93\" data-element_type=\"widget\" id=\"flor-abajo-der\" data-settings=\"{&quot;_position&quot;:&quot;absolute&quot;,&quot;_transform_flipX_effect&quot;:&quot;transform&quot;}\" data-widget_type=\"image.default\">\n\t\t\t\t<div class=\"elementor-widget-container\">\n\t\t\t\t\t\t\t\t\t\t\t\t\t\t\t<img loading=\"lazy\" decoding=\"async\" width=\"287\" height=\"241\" src=\"https:\/\/altresveus.cat\/wp-content\/uploads\/2022\/09\/flor-abako-izq.png\" class=\"attachment-large size-large\" alt=\"\" \/>\t\t\t\t\t\t\t\t\t\t\t\t\t\t\t<\/div>\n\t\t\t\t<\/div>\n\t\t\t\t<div class=\"elementor-element elementor-element-6c728fd elementor-widget__width-auto elementor-absolute elementor-hidden-mobile elementor-widget elementor-widget-image\" data-id=\"6c728fd\" data-element_type=\"widget\" id=\"flor-arr-izq\" data-settings=\"{&quot;_position&quot;:&quot;absolute&quot;}\" data-widget_type=\"image.default\">\n\t\t\t\t<div class=\"elementor-widget-container\">\n\t\t\t\t\t\t\t\t\t\t\t\t\t\t\t<img loading=\"lazy\" decoding=\"async\" width=\"223\" height=\"684\" src=\"https:\/\/altresveus.cat\/wp-content\/uploads\/2022\/09\/flor-arr-izq.png\" class=\"attachment-large size-large\" alt=\"\" srcset=\"https:\/\/altresveus.cat\/wp-content\/uploads\/2022\/09\/flor-arr-izq.png 223w, https:\/\/altresveus.cat\/wp-content\/uploads\/2022\/09\/flor-arr-izq-98x300.png 98w\" sizes=\"auto, (max-width: 223px) 100vw, 223px\" \/>\t\t\t\t\t\t\t\t\t\t\t\t\t\t\t<\/div>\n\t\t\t\t<\/div>\n\t\t\t\t<div class=\"elementor-element elementor-element-194a2a7 elementor-widget__width-auto elementor-absolute e-transform elementor-hidden-mobile elementor-widget elementor-widget-image\" data-id=\"194a2a7\" data-element_type=\"widget\" id=\"flor-arr-der\" data-settings=\"{&quot;_position&quot;:&quot;absolute&quot;,&quot;_transform_flipX_effect&quot;:&quot;transform&quot;}\" data-widget_type=\"image.default\">\n\t\t\t\t<div class=\"elementor-widget-container\">\n\t\t\t\t\t\t\t\t\t\t\t\t\t\t\t<img loading=\"lazy\" decoding=\"async\" width=\"223\" height=\"684\" src=\"https:\/\/altresveus.cat\/wp-content\/uploads\/2022\/09\/flor-arr-izq.png\" class=\"attachment-large size-large\" alt=\"\" srcset=\"https:\/\/altresveus.cat\/wp-content\/uploads\/2022\/09\/flor-arr-izq.png 223w, https:\/\/altresveus.cat\/wp-content\/uploads\/2022\/09\/flor-arr-izq-98x300.png 98w\" sizes=\"auto, (max-width: 223px) 100vw, 223px\" \/>\t\t\t\t\t\t\t\t\t\t\t\t\t\t\t<\/div>\n\t\t\t\t<\/div>\n\t\t\t\t\t<\/div>\n\t\t<\/div>\n\t\t\t\t\t\t\t<\/div>\n\t\t<\/section>\n\t\t\t\t\t\t\t<\/div>\n\t\t","protected":false},"excerpt":{"rendered":"<p>NOTA DE PRENSA &#8211; ALTRES VEUS &#8211; edici\u00f3 2022 M\u00e9s de 200 persones assisteixen al cicle \u00abAltres Veus\u00bb, que exhaureix totes les entrades\u00a0 REFERENTS MUNDIALS EN COOPERACI\u00d3 FEMINISTA ES REUNEIXEN A PALMA PER DEBATRE COM ACONSEGUIR UN M\u00d3N M\u00c9S JUST, RESPECTU\u00d3S AMB LA NATURA I HABITABLE PER A TOTHOM Amparanoia\u00a0celebra el seu 25\u00e8 aniversari tancant [&hellip;]<\/p>\n","protected":false},"author":1,"featured_media":0,"parent":1708,"menu_order":0,"comment_status":"closed","ping_status":"closed","template":"elementor_header_footer","meta":{"inline_featured_image":false,"footnotes":""},"class_list":["post-2268","page","type-page","status-publish","hentry"],"_links":{"self":[{"href":"https:\/\/altresveus.cat\/es\/wp-json\/wp\/v2\/pages\/2268","targetHints":{"allow":["GET"]}}],"collection":[{"href":"https:\/\/altresveus.cat\/es\/wp-json\/wp\/v2\/pages"}],"about":[{"href":"https:\/\/altresveus.cat\/es\/wp-json\/wp\/v2\/types\/page"}],"author":[{"embeddable":true,"href":"https:\/\/altresveus.cat\/es\/wp-json\/wp\/v2\/users\/1"}],"replies":[{"embeddable":true,"href":"https:\/\/altresveus.cat\/es\/wp-json\/wp\/v2\/comments?post=2268"}],"version-history":[{"count":0,"href":"https:\/\/altresveus.cat\/es\/wp-json\/wp\/v2\/pages\/2268\/revisions"}],"up":[{"embeddable":true,"href":"https:\/\/altresveus.cat\/es\/wp-json\/wp\/v2\/pages\/1708"}],"wp:attachment":[{"href":"https:\/\/altresveus.cat\/es\/wp-json\/wp\/v2\/media?parent=2268"}],"curies":[{"name":"wp","href":"https:\/\/api.w.org\/{rel}","templated":true}]}}